{"id":2944,"date":"2020-11-20T08:47:24","date_gmt":"2020-11-20T07:47:24","guid":{"rendered":"https:\/\/ufe.org\/?page_id=1131"},"modified":"2021-01-28T12:25:18","modified_gmt":"2021-01-28T11:25:18","slug":"nos-partenaires","status":"publish","type":"page","link":"https:\/\/ufe.org\/pays-bas\/nos-partenaires\/","title":{"rendered":"PARTENAIRES"},"content":{"rendered":"<p>[vc_row full_width=\u00a0\u00bbstretch_row\u00a0\u00bb parallax=\u00a0\u00bbcontent-moving\u00a0\u00bb parallax_image=\u00a0\u00bb2970&Prime; parallax_speed_bg=\u00a0\u00bb1&Prime;][vc_column][vc_empty_space height=\u00a0\u00bb70px\u00a0\u00bb][vc_custom_heading text=\u00a0\u00bbNOS PARTENAIRES\u00a0\u00bb font_container=\u00a0\u00bbtag:h1|text_align:center\u00a0\u00bb use_theme_fonts=\u00a0\u00bbyes\u00a0\u00bb][vc_custom_heading text=\u00a0\u00bbDes experts \u00e0 votre \u00e9coute\u00a0\u00bb font_container=\u00a0\u00bbtag:h3|text_align:center|color:%23e55252&Prime; use_theme_fonts=\u00a0\u00bbyes\u00a0\u00bb css=\u00a0\u00bb.vc_custom_1607950335573{margin-top: -8px !important;}\u00a0\u00bb][vc_empty_space height=\u00a0\u00bb100px\u00a0\u00bb][\/vc_column][\/vc_row][vc_row][vc_column][vc_custom_heading text=\u00a0\u00bbNous vous mettons en relation avec des experts\u00a0\u00bb font_container=\u00a0\u00bbtag:h2|text_align:center\u00a0\u00bb use_theme_fonts=\u00a0\u00bbyes\u00a0\u00bb][vc_custom_heading text=\u00a0\u00bbpour mieux r\u00e9pondre \u00e0 vos attentes\u00a0\u00bb font_container=\u00a0\u00bbtag:h2|text_align:center|color:%23e55252&Prime; use_theme_fonts=\u00a0\u00bbyes\u00a0\u00bb css=\u00a0\u00bb.vc_custom_1607950408504{margin-top: -10px !important;}\u00a0\u00bb][vc_empty_space][\/vc_column][\/vc_row][vc_row full_width=\u00a0\u00bbstretch_row_content\u00a0\u00bb][vc_column]<div class=\"gt-event-search-tool gt-white gt-style-1\"><div class=\"gt-form container\"><div class=\"gt-choose-page\"><p>You should choose a search result page. You can choose the page from the Theme Options &gt; Events &gt; Event Search Results Page option.<\/p>\n<\/div><\/div><\/div>[\/vc_column][\/vc_row][vc_row][vc_column][vc_empty_space height=\u00a0\u00bb60px\u00a0\u00bb]<div class=\"gt-categorized-contents gt-tab-panel\"><ul class=\"nav gt-nav gt-center\" role=\"tablist\"><li><a href=\"#categorized-speakers-all\" aria-controls=\"categorized-speakers-all\" role=\"tab\" data-toggle=\"tab\" class=\"active\">All<\/a><\/li><li><a href=\"#categorized-speakers-emploi-formation-1\" aria-controls=\"categorized-speakers-emploi-formation\" role=\"tab\" data-toggle=\"tab\">Emploi \/ Formation<\/a><\/li><li><a href=\"#categorized-speakers-juridique-fiscalite-2\" aria-controls=\"categorized-speakers-juridique-fiscalite\" role=\"tab\" data-toggle=\"tab\">Juridique \/ Fiscalit\u00e9<\/a><\/li><li><a href=\"#categorized-speakers-portrait-3\" aria-controls=\"categorized-speakers-portrait\" role=\"tab\" data-toggle=\"tab\">Portrait<\/a><\/li><li><a href=\"#categorized-speakers-preparer-son-depart-4\" aria-controls=\"categorized-speakers-preparer-son-depart\" role=\"tab\" data-toggle=\"tab\">Pr\u00e9parer son d\u00e9part<\/a><\/li><li><a href=\"#categorized-speakers-retraite-5\" aria-controls=\"categorized-speakers-retraite\" role=\"tab\" data-toggle=\"tab\">Retraite<\/a><\/li><li><a href=\"#categorized-speakers-revenir-en-france-6\" aria-controls=\"categorized-speakers-revenir-en-france\" role=\"tab\" data-toggle=\"tab\">Revenir en France<\/a><\/li><li><a href=\"#categorized-speakers-sante-7\" aria-controls=\"categorized-speakers-sante\" role=\"tab\" data-toggle=\"tab\">Sant\u00e9<\/a><\/li><li><a href=\"#categorized-speakers-sortir-8\" aria-controls=\"categorized-speakers-sortir\" role=\"tab\" data-toggle=\"tab\">Sortir<\/a><\/li><li><a href=\"#categorized-speakers-vie-pratique-9\" aria-controls=\"categorized-speakers-vie-pratique\" role=\"tab\" data-toggle=\"tab\">Vie pratique<\/a><\/li><\/ul><div class=\"tab-content\"><div role=\"tabpanel\" class=\"tab-pane fade active show\" aria-labelledby=\"categorized-speakers-all\" id=\"categorized-speakers-all\"><div class=\"gt-columns gt-column-4\"><div class=\"gt-col\"><div class=\"gt-inner\"><div class=\"gt-speaker gt-style-5\"><div class=\"gt-image\"><a href=\"https:\/\/ufe.org\/pays-bas\/speaker\/ags-france\/\"><img loading=\"lazy\" decoding=\"async\" width=\"615\" height=\"325\" src=\"data:image\/svg+xml,%3Csvg%20xmlns%3D%27http:\/\/www.w3.org\/2000\/svg%27%20viewBox%3D%270%200%203%202%27%3E%3C\/svg%3E\" class=\"attachment-eventchamp-speaker size-eventchamp-speaker gt-lazy-load\" alt=\"AGS\" 0=\"\" data-src=\"https:\/\/ufe.org\/pays-bas\/wp-content\/uploads\/sites\/23\/2020\/12\/logo-AGS.jpg\" data-srcset=\"https:\/\/ufe.org\/pays-bas\/wp-content\/uploads\/sites\/23\/2020\/12\/logo-AGS.jpg 615w, https:\/\/ufe.org\/pays-bas\/wp-content\/uploads\/sites\/23\/2020\/12\/logo-AGS-300x159.jpg 300w\" data-sizes=\"(max-width: 615px) 100vw, 615px\" \/><\/a><\/div><div class=\"gt-content\"><div class=\"gt-name\"><a href=\"https:\/\/ufe.org\/pays-bas\/speaker\/ags-france\/\">Ags-France<\/a><\/div><div class=\"gt-profession\">Sp\u00e9cialiste du d\u00e9m\u00e9nagement et de la relocation dans le monde entier<\/div><\/div><\/div><\/div><\/div><div class=\"gt-col\"><div class=\"gt-inner\"><div class=\"gt-speaker gt-style-5\"><div class=\"gt-image\"><a href=\"https:\/\/ufe.org\/pays-bas\/speaker\/magicstay\/\"><img loading=\"lazy\" decoding=\"async\" width=\"615\" height=\"325\" src=\"data:image\/svg+xml,%3Csvg%20xmlns%3D%27http:\/\/www.w3.org\/2000\/svg%27%20viewBox%3D%270%200%203%202%27%3E%3C\/svg%3E\" class=\"attachment-eventchamp-speaker size-eventchamp-speaker gt-lazy-load\" alt=\"MagicStay\" 0=\"\" data-src=\"https:\/\/ufe.org\/pays-bas\/wp-content\/uploads\/sites\/23\/2020\/12\/logo-magicstay.jpg\" data-srcset=\"https:\/\/ufe.org\/pays-bas\/wp-content\/uploads\/sites\/23\/2020\/12\/logo-magicstay.jpg 615w, https:\/\/ufe.org\/pays-bas\/wp-content\/uploads\/sites\/23\/2020\/12\/logo-magicstay-300x159.jpg 300w\" data-sizes=\"(max-width: 615px) 100vw, 615px\" \/><\/a><\/div><div class=\"gt-content\"><div class=\"gt-name\"><a href=\"https:\/\/ufe.org\/pays-bas\/speaker\/magicstay\/\">MagicStay<\/a><\/div><div class=\"gt-profession\">Sp\u00e9cialiste de la location courte dur\u00e9e ou location meubl\u00e9e dans le monde<\/div><\/div><\/div><\/div><\/div><div class=\"gt-col\"><div class=\"gt-inner\"><div class=\"gt-speaker gt-style-5\"><div class=\"gt-image\"><a href=\"https:\/\/ufe.org\/pays-bas\/speaker\/extendeez\/\"><img loading=\"lazy\" decoding=\"async\" width=\"615\" height=\"325\" src=\"data:image\/svg+xml,%3Csvg%20xmlns%3D%27http:\/\/www.w3.org\/2000\/svg%27%20viewBox%3D%270%200%203%202%27%3E%3C\/svg%3E\" class=\"attachment-eventchamp-speaker size-eventchamp-speaker gt-lazy-load\" alt=\"Extendeez\" 0=\"\" data-src=\"https:\/\/ufe.org\/pays-bas\/wp-content\/uploads\/sites\/23\/2020\/12\/logo-extendeez-.jpg\" data-srcset=\"https:\/\/ufe.org\/pays-bas\/wp-content\/uploads\/sites\/23\/2020\/12\/logo-extendeez-.jpg 615w, https:\/\/ufe.org\/pays-bas\/wp-content\/uploads\/sites\/23\/2020\/12\/logo-extendeez--300x159.jpg 300w\" data-sizes=\"(max-width: 615px) 100vw, 615px\" \/><\/a><\/div><div class=\"gt-content\"><div class=\"gt-name\"><a href=\"https:\/\/ufe.org\/pays-bas\/speaker\/extendeez\/\">Extendeez<\/a><\/div><div class=\"gt-profession\">Centraliser la gestion des logements des collaborateurs en mobilit\u00e9<\/div><\/div><\/div><\/div><\/div><div class=\"gt-col\"><div class=\"gt-inner\"><div class=\"gt-speaker gt-style-5\"><div class=\"gt-image\"><a href=\"https:\/\/ufe.org\/pays-bas\/speaker\/novelvy-retraite\/\"><img loading=\"lazy\" decoding=\"async\" width=\"615\" height=\"325\" src=\"data:image\/svg+xml,%3Csvg%20xmlns%3D%27http:\/\/www.w3.org\/2000\/svg%27%20viewBox%3D%270%200%203%202%27%3E%3C\/svg%3E\" class=\"attachment-eventchamp-speaker size-eventchamp-speaker gt-lazy-load\" alt=\"Novelvy\" 0=\"\" data-src=\"https:\/\/ufe.org\/pays-bas\/wp-content\/uploads\/sites\/23\/2020\/12\/logo-novelvy.jpg\" data-srcset=\"https:\/\/ufe.org\/pays-bas\/wp-content\/uploads\/sites\/23\/2020\/12\/logo-novelvy.jpg 615w, https:\/\/ufe.org\/pays-bas\/wp-content\/uploads\/sites\/23\/2020\/12\/logo-novelvy-300x159.jpg 300w\" data-sizes=\"(max-width: 615px) 100vw, 615px\" \/><\/a><\/div><div class=\"gt-content\"><div class=\"gt-name\"><a href=\"https:\/\/ufe.org\/pays-bas\/speaker\/novelvy-retraite\/\">Novelvy-retraite<\/a><\/div><div class=\"gt-profession\">Accompagnement des expatri\u00e9s sur tous les aspects de leur dossier de retraite<\/div><\/div><\/div><\/div><\/div><div class=\"gt-col\"><div class=\"gt-inner\"><div class=\"gt-speaker gt-style-5\"><div class=\"gt-image\"><a href=\"https:\/\/ufe.org\/pays-bas\/speaker\/monetivia\/\"><img loading=\"lazy\" decoding=\"async\" width=\"615\" height=\"325\" src=\"data:image\/svg+xml,%3Csvg%20xmlns%3D%27http:\/\/www.w3.org\/2000\/svg%27%20viewBox%3D%270%200%203%202%27%3E%3C\/svg%3E\" class=\"attachment-eventchamp-speaker size-eventchamp-speaker gt-lazy-load\" alt=\"Monetivia\" 0=\"\" data-src=\"https:\/\/ufe.org\/pays-bas\/wp-content\/uploads\/sites\/23\/2020\/12\/logo-monetivia.jpg\" data-srcset=\"https:\/\/ufe.org\/pays-bas\/wp-content\/uploads\/sites\/23\/2020\/12\/logo-monetivia.jpg 615w, https:\/\/ufe.org\/pays-bas\/wp-content\/uploads\/sites\/23\/2020\/12\/logo-monetivia-300x159.jpg 300w\" data-sizes=\"(max-width: 615px) 100vw, 615px\" \/><\/a><\/div><div class=\"gt-content\"><div class=\"gt-name\"><a href=\"https:\/\/ufe.org\/pays-bas\/speaker\/monetivia\/\">Monetivia<\/a><\/div><div class=\"gt-profession\">Investir en d\u00e9membrement temporaire dans l\u2019immobilier ancien <\/div><\/div><\/div><\/div><\/div><\/div><\/div><div role=\"tabpanel\" class=\"tab-pane fade\" id=\"categorized-speakers-emploi-formation-1\" aria-labelledby=\"categorized-speakers-emploi-formation\"><div class=\"gt-columns gt-column-4\"><\/div><\/div><div role=\"tabpanel\" class=\"tab-pane fade\" id=\"categorized-speakers-juridique-fiscalite-2\" aria-labelledby=\"categorized-speakers-juridique-fiscalite\"><div class=\"gt-columns gt-column-4\"><div class=\"gt-col\"><div class=\"gt-inner\"><div class=\"gt-speaker gt-style-5\"><div class=\"gt-image\"><a href=\"https:\/\/ufe.org\/pays-bas\/speaker\/monetivia\/\"><img loading=\"lazy\" decoding=\"async\" width=\"615\" height=\"325\" src=\"data:image\/svg+xml,%3Csvg%20xmlns%3D%27http:\/\/www.w3.org\/2000\/svg%27%20viewBox%3D%270%200%203%202%27%3E%3C\/svg%3E\" class=\"attachment-eventchamp-speaker size-eventchamp-speaker gt-lazy-load\" alt=\"Monetivia\" 0=\"\" data-src=\"https:\/\/ufe.org\/pays-bas\/wp-content\/uploads\/sites\/23\/2020\/12\/logo-monetivia.jpg\" data-srcset=\"https:\/\/ufe.org\/pays-bas\/wp-content\/uploads\/sites\/23\/2020\/12\/logo-monetivia.jpg 615w, https:\/\/ufe.org\/pays-bas\/wp-content\/uploads\/sites\/23\/2020\/12\/logo-monetivia-300x159.jpg 300w\" data-sizes=\"(max-width: 615px) 100vw, 615px\" \/><\/a><\/div><div class=\"gt-content\"><div class=\"gt-name\"><a href=\"https:\/\/ufe.org\/pays-bas\/speaker\/monetivia\/\">Monetivia<\/a><\/div><div class=\"gt-profession\">Investir en d\u00e9membrement temporaire dans l\u2019immobilier ancien <\/div><\/div><\/div><\/div><\/div><\/div><\/div><div role=\"tabpanel\" class=\"tab-pane fade\" id=\"categorized-speakers-portrait-3\" aria-labelledby=\"categorized-speakers-portrait\"><div class=\"gt-columns gt-column-4\"><\/div><\/div><div role=\"tabpanel\" class=\"tab-pane fade\" id=\"categorized-speakers-preparer-son-depart-4\" aria-labelledby=\"categorized-speakers-preparer-son-depart\"><div class=\"gt-columns gt-column-4\"><div class=\"gt-col\"><div class=\"gt-inner\"><div class=\"gt-speaker gt-style-5\"><div class=\"gt-image\"><a href=\"https:\/\/ufe.org\/pays-bas\/speaker\/magicstay\/\"><img loading=\"lazy\" decoding=\"async\" width=\"615\" height=\"325\" src=\"data:image\/svg+xml,%3Csvg%20xmlns%3D%27http:\/\/www.w3.org\/2000\/svg%27%20viewBox%3D%270%200%203%202%27%3E%3C\/svg%3E\" class=\"attachment-eventchamp-speaker size-eventchamp-speaker gt-lazy-load\" alt=\"MagicStay\" 0=\"\" data-src=\"https:\/\/ufe.org\/pays-bas\/wp-content\/uploads\/sites\/23\/2020\/12\/logo-magicstay.jpg\" data-srcset=\"https:\/\/ufe.org\/pays-bas\/wp-content\/uploads\/sites\/23\/2020\/12\/logo-magicstay.jpg 615w, https:\/\/ufe.org\/pays-bas\/wp-content\/uploads\/sites\/23\/2020\/12\/logo-magicstay-300x159.jpg 300w\" data-sizes=\"(max-width: 615px) 100vw, 615px\" \/><\/a><\/div><div class=\"gt-content\"><div class=\"gt-name\"><a href=\"https:\/\/ufe.org\/pays-bas\/speaker\/magicstay\/\">MagicStay<\/a><\/div><div class=\"gt-profession\">Sp\u00e9cialiste de la location courte dur\u00e9e ou location meubl\u00e9e dans le monde<\/div><\/div><\/div><\/div><\/div><div class=\"gt-col\"><div class=\"gt-inner\"><div class=\"gt-speaker gt-style-5\"><div class=\"gt-image\"><a href=\"https:\/\/ufe.org\/pays-bas\/speaker\/ags-france\/\"><img loading=\"lazy\" decoding=\"async\" width=\"615\" height=\"325\" src=\"data:image\/svg+xml,%3Csvg%20xmlns%3D%27http:\/\/www.w3.org\/2000\/svg%27%20viewBox%3D%270%200%203%202%27%3E%3C\/svg%3E\" class=\"attachment-eventchamp-speaker size-eventchamp-speaker gt-lazy-load\" alt=\"AGS\" 0=\"\" data-src=\"https:\/\/ufe.org\/pays-bas\/wp-content\/uploads\/sites\/23\/2020\/12\/logo-AGS.jpg\" data-srcset=\"https:\/\/ufe.org\/pays-bas\/wp-content\/uploads\/sites\/23\/2020\/12\/logo-AGS.jpg 615w, https:\/\/ufe.org\/pays-bas\/wp-content\/uploads\/sites\/23\/2020\/12\/logo-AGS-300x159.jpg 300w\" data-sizes=\"(max-width: 615px) 100vw, 615px\" \/><\/a><\/div><div class=\"gt-content\"><div class=\"gt-name\"><a href=\"https:\/\/ufe.org\/pays-bas\/speaker\/ags-france\/\">Ags-France<\/a><\/div><div class=\"gt-profession\">Sp\u00e9cialiste du d\u00e9m\u00e9nagement et de la relocation dans le monde entier<\/div><\/div><\/div><\/div><\/div><\/div><\/div><div role=\"tabpanel\" class=\"tab-pane fade\" id=\"categorized-speakers-retraite-5\" aria-labelledby=\"categorized-speakers-retraite\"><div class=\"gt-columns gt-column-4\"><div class=\"gt-col\"><div class=\"gt-inner\"><div class=\"gt-speaker gt-style-5\"><div class=\"gt-image\"><a href=\"https:\/\/ufe.org\/pays-bas\/speaker\/novelvy-retraite\/\"><img loading=\"lazy\" decoding=\"async\" width=\"615\" height=\"325\" src=\"data:image\/svg+xml,%3Csvg%20xmlns%3D%27http:\/\/www.w3.org\/2000\/svg%27%20viewBox%3D%270%200%203%202%27%3E%3C\/svg%3E\" class=\"attachment-eventchamp-speaker size-eventchamp-speaker gt-lazy-load\" alt=\"Novelvy\" 0=\"\" data-src=\"https:\/\/ufe.org\/pays-bas\/wp-content\/uploads\/sites\/23\/2020\/12\/logo-novelvy.jpg\" data-srcset=\"https:\/\/ufe.org\/pays-bas\/wp-content\/uploads\/sites\/23\/2020\/12\/logo-novelvy.jpg 615w, https:\/\/ufe.org\/pays-bas\/wp-content\/uploads\/sites\/23\/2020\/12\/logo-novelvy-300x159.jpg 300w\" data-sizes=\"(max-width: 615px) 100vw, 615px\" \/><\/a><\/div><div class=\"gt-content\"><div class=\"gt-name\"><a href=\"https:\/\/ufe.org\/pays-bas\/speaker\/novelvy-retraite\/\">Novelvy-retraite<\/a><\/div><div class=\"gt-profession\">Accompagnement des expatri\u00e9s sur tous les aspects de leur dossier de retraite<\/div><\/div><\/div><\/div><\/div><\/div><\/div><div role=\"tabpanel\" class=\"tab-pane fade\" id=\"categorized-speakers-revenir-en-france-6\" aria-labelledby=\"categorized-speakers-revenir-en-france\"><div class=\"gt-columns gt-column-4\"><div class=\"gt-col\"><div class=\"gt-inner\"><div class=\"gt-speaker gt-style-5\"><div class=\"gt-image\"><a href=\"https:\/\/ufe.org\/pays-bas\/speaker\/extendeez\/\"><img loading=\"lazy\" decoding=\"async\" width=\"615\" height=\"325\" src=\"data:image\/svg+xml,%3Csvg%20xmlns%3D%27http:\/\/www.w3.org\/2000\/svg%27%20viewBox%3D%270%200%203%202%27%3E%3C\/svg%3E\" class=\"attachment-eventchamp-speaker size-eventchamp-speaker gt-lazy-load\" alt=\"Extendeez\" 0=\"\" data-src=\"https:\/\/ufe.org\/pays-bas\/wp-content\/uploads\/sites\/23\/2020\/12\/logo-extendeez-.jpg\" data-srcset=\"https:\/\/ufe.org\/pays-bas\/wp-content\/uploads\/sites\/23\/2020\/12\/logo-extendeez-.jpg 615w, https:\/\/ufe.org\/pays-bas\/wp-content\/uploads\/sites\/23\/2020\/12\/logo-extendeez--300x159.jpg 300w\" data-sizes=\"(max-width: 615px) 100vw, 615px\" \/><\/a><\/div><div class=\"gt-content\"><div class=\"gt-name\"><a href=\"https:\/\/ufe.org\/pays-bas\/speaker\/extendeez\/\">Extendeez<\/a><\/div><div class=\"gt-profession\">Centraliser la gestion des logements des collaborateurs en mobilit\u00e9<\/div><\/div><\/div><\/div><\/div><\/div><\/div><div role=\"tabpanel\" class=\"tab-pane fade\" id=\"categorized-speakers-sante-7\" aria-labelledby=\"categorized-speakers-sante\"><div class=\"gt-columns gt-column-4\"><\/div><\/div><div role=\"tabpanel\" class=\"tab-pane fade\" id=\"categorized-speakers-sortir-8\" aria-labelledby=\"categorized-speakers-sortir\"><div class=\"gt-columns gt-column-4\"><\/div><\/div><div role=\"tabpanel\" class=\"tab-pane fade\" id=\"categorized-speakers-vie-pratique-9\" aria-labelledby=\"categorized-speakers-vie-pratique\"><div class=\"gt-columns gt-column-4\"><div class=\"gt-col\"><div class=\"gt-inner\"><div class=\"gt-speaker gt-style-5\"><div class=\"gt-image\"><a href=\"https:\/\/ufe.org\/pays-bas\/speaker\/magicstay\/\"><img loading=\"lazy\" decoding=\"async\" width=\"615\" height=\"325\" src=\"data:image\/svg+xml,%3Csvg%20xmlns%3D%27http:\/\/www.w3.org\/2000\/svg%27%20viewBox%3D%270%200%203%202%27%3E%3C\/svg%3E\" class=\"attachment-eventchamp-speaker size-eventchamp-speaker gt-lazy-load\" alt=\"MagicStay\" 0=\"\" data-src=\"https:\/\/ufe.org\/pays-bas\/wp-content\/uploads\/sites\/23\/2020\/12\/logo-magicstay.jpg\" data-srcset=\"https:\/\/ufe.org\/pays-bas\/wp-content\/uploads\/sites\/23\/2020\/12\/logo-magicstay.jpg 615w, https:\/\/ufe.org\/pays-bas\/wp-content\/uploads\/sites\/23\/2020\/12\/logo-magicstay-300x159.jpg 300w\" data-sizes=\"(max-width: 615px) 100vw, 615px\" \/><\/a><\/div><div class=\"gt-content\"><div class=\"gt-name\"><a href=\"https:\/\/ufe.org\/pays-bas\/speaker\/magicstay\/\">MagicStay<\/a><\/div><div class=\"gt-profession\">Sp\u00e9cialiste de la location courte dur\u00e9e ou location meubl\u00e9e dans le monde<\/div><\/div><\/div><\/div><\/div><\/div><\/div><\/div><\/div>[vc_empty_space height=\u00a0\u00bb60px\u00a0\u00bb][\/vc_column][\/vc_row]<\/p>\n","protected":false},"excerpt":{"rendered":"<p>[vc_row full_width=\u00a0\u00bbstretch_row\u00a0\u00bb parallax=\u00a0\u00bbcontent-moving\u00a0\u00bb parallax_image=\u00a0\u00bb2970&Prime; parallax_speed_bg=\u00a0\u00bb1&Prime;][vc_column][vc_empty_space height=\u00a0\u00bb70px\u00a0\u00bb][vc_custom_heading text=\u00a0\u00bbNOS PARTENAIRES\u00a0\u00bb font_container=\u00a0\u00bbtag:h1|text_align:center\u00a0\u00bb use_theme_fonts=\u00a0\u00bbyes\u00a0\u00bb][vc_custom_heading text=\u00a0\u00bbDes experts \u00e0 votre \u00e9coute\u00a0\u00bb font_container=\u00a0\u00bbtag:h3|text_align:center|color:%23e55252&Prime;&#8230;<\/p>\n","protected":false},"author":1,"featured_media":0,"parent":0,"menu_order":0,"comment_status":"closed","ping_status":"closed","template":"","meta":{"footnotes":""},"yoast_head":"<!-- This site is optimized with the Yoast SEO plugin v22.8 - https:\/\/yoast.com\/wordpress\/plugins\/seo\/ -->\n<title>PARTENAIRES - UFE Pays-Bas<\/title>\n<meta name=\"robots\" content=\"index, follow, max-snippet:-1, max-image-preview:large, max-video-preview:-1\" \/>\n<link rel=\"canonical\" href=\"https:\/\/ufe.org\/pays-bas\/nos-partenaires\/\" \/>\n<meta property=\"og:locale\" content=\"fr_FR\" \/>\n<meta property=\"og:type\" content=\"article\" \/>\n<meta property=\"og:title\" content=\"PARTENAIRES - UFE Pays-Bas\" \/>\n<meta property=\"og:description\" content=\"[vc_row full_width=\u00a0\u00bbstretch_row\u00a0\u00bb parallax=\u00a0\u00bbcontent-moving\u00a0\u00bb parallax_image=\u00a0\u00bb2970&Prime; parallax_speed_bg=\u00a0\u00bb1&Prime;][vc_column][vc_empty_space height=\u00a0\u00bb70px\u00a0\u00bb][vc_custom_heading text=\u00a0\u00bbNOS PARTENAIRES\u00a0\u00bb font_container=\u00a0\u00bbtag:h1|text_align:center\u00a0\u00bb use_theme_fonts=\u00a0\u00bbyes\u00a0\u00bb][vc_custom_heading text=\u00a0\u00bbDes experts \u00e0 votre \u00e9coute\u00a0\u00bb font_container=\u00a0\u00bbtag:h3|text_align:center|color:%23e55252&Prime;...\" \/>\n<meta property=\"og:url\" content=\"https:\/\/ufe.org\/pays-bas\/nos-partenaires\/\" \/>\n<meta property=\"og:site_name\" content=\"UFE Pays-Bas\" \/>\n<meta property=\"article:modified_time\" content=\"2021-01-28T11:25:18+00:00\" \/>\n<meta name=\"twitter:card\" content=\"summary_large_image\" \/>\n<meta name=\"twitter:label1\" content=\"Dur\u00e9e de lecture estim\u00e9e\" \/>\n\t<meta name=\"twitter:data1\" content=\"2 minutes\" \/>\n<script type=\"application\/ld+json\" class=\"yoast-schema-graph\">{\"@context\":\"https:\/\/schema.org\",\"@graph\":[{\"@type\":\"WebPage\",\"@id\":\"https:\/\/ufe.org\/pays-bas\/nos-partenaires\/\",\"url\":\"https:\/\/ufe.org\/pays-bas\/nos-partenaires\/\",\"name\":\"PARTENAIRES - UFE Pays-Bas\",\"isPartOf\":{\"@id\":\"https:\/\/ufe.org\/pays-bas\/#website\"},\"datePublished\":\"2020-11-20T07:47:24+00:00\",\"dateModified\":\"2021-01-28T11:25:18+00:00\",\"breadcrumb\":{\"@id\":\"https:\/\/ufe.org\/pays-bas\/nos-partenaires\/#breadcrumb\"},\"inLanguage\":\"fr-FR\",\"potentialAction\":[{\"@type\":\"ReadAction\",\"target\":[\"https:\/\/ufe.org\/pays-bas\/nos-partenaires\/\"]}]},{\"@type\":\"BreadcrumbList\",\"@id\":\"https:\/\/ufe.org\/pays-bas\/nos-partenaires\/#breadcrumb\",\"itemListElement\":[{\"@type\":\"ListItem\",\"position\":1,\"name\":\"Accueil\",\"item\":\"https:\/\/ufe.org\/pays-bas\/\"},{\"@type\":\"ListItem\",\"position\":2,\"name\":\"PARTENAIRES\"}]},{\"@type\":\"WebSite\",\"@id\":\"https:\/\/ufe.org\/pays-bas\/#website\",\"url\":\"https:\/\/ufe.org\/pays-bas\/\",\"name\":\"UFE Pays-Bas\",\"description\":\"Un site utilisant Multi site UFE\",\"potentialAction\":[{\"@type\":\"SearchAction\",\"target\":{\"@type\":\"EntryPoint\",\"urlTemplate\":\"https:\/\/ufe.org\/pays-bas\/?s={search_term_string}\"},\"query-input\":\"required name=search_term_string\"}],\"inLanguage\":\"fr-FR\"}]}<\/script>\n<!-- \/ Yoast SEO plugin. -->","yoast_head_json":{"title":"PARTENAIRES - UFE Pays-Bas","robots":{"index":"index","follow":"follow","max-snippet":"max-snippet:-1","max-image-preview":"max-image-preview:large","max-video-preview":"max-video-preview:-1"},"canonical":"https:\/\/ufe.org\/pays-bas\/nos-partenaires\/","og_locale":"fr_FR","og_type":"article","og_title":"PARTENAIRES - UFE Pays-Bas","og_description":"[vc_row full_width=\u00a0\u00bbstretch_row\u00a0\u00bb parallax=\u00a0\u00bbcontent-moving\u00a0\u00bb parallax_image=\u00a0\u00bb2970&Prime; parallax_speed_bg=\u00a0\u00bb1&Prime;][vc_column][vc_empty_space height=\u00a0\u00bb70px\u00a0\u00bb][vc_custom_heading text=\u00a0\u00bbNOS PARTENAIRES\u00a0\u00bb font_container=\u00a0\u00bbtag:h1|text_align:center\u00a0\u00bb use_theme_fonts=\u00a0\u00bbyes\u00a0\u00bb][vc_custom_heading text=\u00a0\u00bbDes experts \u00e0 votre \u00e9coute\u00a0\u00bb font_container=\u00a0\u00bbtag:h3|text_align:center|color:%23e55252&Prime;...","og_url":"https:\/\/ufe.org\/pays-bas\/nos-partenaires\/","og_site_name":"UFE Pays-Bas","article_modified_time":"2021-01-28T11:25:18+00:00","twitter_card":"summary_large_image","twitter_misc":{"Dur\u00e9e de lecture estim\u00e9e":"2 minutes"},"schema":{"@context":"https:\/\/schema.org","@graph":[{"@type":"WebPage","@id":"https:\/\/ufe.org\/pays-bas\/nos-partenaires\/","url":"https:\/\/ufe.org\/pays-bas\/nos-partenaires\/","name":"PARTENAIRES - UFE Pays-Bas","isPartOf":{"@id":"https:\/\/ufe.org\/pays-bas\/#website"},"datePublished":"2020-11-20T07:47:24+00:00","dateModified":"2021-01-28T11:25:18+00:00","breadcrumb":{"@id":"https:\/\/ufe.org\/pays-bas\/nos-partenaires\/#breadcrumb"},"inLanguage":"fr-FR","potentialAction":[{"@type":"ReadAction","target":["https:\/\/ufe.org\/pays-bas\/nos-partenaires\/"]}]},{"@type":"BreadcrumbList","@id":"https:\/\/ufe.org\/pays-bas\/nos-partenaires\/#breadcrumb","itemListElement":[{"@type":"ListItem","position":1,"name":"Accueil","item":"https:\/\/ufe.org\/pays-bas\/"},{"@type":"ListItem","position":2,"name":"PARTENAIRES"}]},{"@type":"WebSite","@id":"https:\/\/ufe.org\/pays-bas\/#website","url":"https:\/\/ufe.org\/pays-bas\/","name":"UFE Pays-Bas","description":"Un site utilisant Multi site UFE","potentialAction":[{"@type":"SearchAction","target":{"@type":"EntryPoint","urlTemplate":"https:\/\/ufe.org\/pays-bas\/?s={search_term_string}"},"query-input":"required name=search_term_string"}],"inLanguage":"fr-FR"}]}},"_links":{"self":[{"href":"https:\/\/ufe.org\/pays-bas\/wp-json\/wp\/v2\/pages\/2944"}],"collection":[{"href":"https:\/\/ufe.org\/pays-bas\/wp-json\/wp\/v2\/pages"}],"about":[{"href":"https:\/\/ufe.org\/pays-bas\/wp-json\/wp\/v2\/types\/page"}],"author":[{"embeddable":true,"href":"https:\/\/ufe.org\/pays-bas\/wp-json\/wp\/v2\/users\/1"}],"replies":[{"embeddable":true,"href":"https:\/\/ufe.org\/pays-bas\/wp-json\/wp\/v2\/comments?post=2944"}],"version-history":[{"count":12,"href":"https:\/\/ufe.org\/pays-bas\/wp-json\/wp\/v2\/pages\/2944\/revisions"}],"predecessor-version":[{"id":3248,"href":"https:\/\/ufe.org\/pays-bas\/wp-json\/wp\/v2\/pages\/2944\/revisions\/3248"}],"wp:attachment":[{"href":"https:\/\/ufe.org\/pays-bas\/wp-json\/wp\/v2\/media?parent=2944"}],"curies":[{"name":"wp","href":"https:\/\/api.w.org\/{rel}","templated":true}]}}