{"id":1729,"date":"2018-12-14T12:17:46","date_gmt":"2018-12-14T11:17:46","guid":{"rendered":"https:\/\/demo.gloriathemes.com\/eventchamp\/demo\/?page_id=1729"},"modified":"2021-01-28T12:28:43","modified_gmt":"2021-01-28T11:28:43","slug":"actualites","status":"publish","type":"page","link":"https:\/\/ufe.org\/pays-bas\/actualites\/","title":{"rendered":"ACTUALITES"},"content":{"rendered":"<p>[vc_row][vc_column]<div class=\"gt-blog gt-style2\"><div class=\"gt-columns gt-column-2 gt-column-space-30\"><div class=\"gt-col\"><div class=\"gt-inner\"><div class=\"gt-post-style-2 gt-sticky-post\"><div class=\"gt-title\"><a href=\"https:\/\/ufe.org\/pays-bas\/2025\/09\/24\/concert-de-la-sfb-le-11-octobre-2025\/\">Concert de la SFB le 11 octobre 2025<\/a><\/div><div class=\"gt-excerpt\">Bonjour, Nous avons le plaisir de vous annoncer la tenue d&rsquo;un concert organis\u00e9 par la Soci\u00e9t\u00e9...<\/div><div class=\"gt-bottom\"><ul><li><svg xmlns=\"http:\/\/www.w3.org\/2000\/svg\" viewBox=\"0 0 24 24\" fill=\"none\" stroke=\"currentColor\" stroke-width=\"2\" stroke-linecap=\"round\" stroke-linejoin=\"round\"><rect x=\"3\" y=\"4\" width=\"18\" height=\"18\" rx=\"2\" ry=\"2\"><\/rect><line x1=\"16\" y1=\"2\" x2=\"16\" y2=\"6\"><\/line><line x1=\"8\" y1=\"2\" x2=\"8\" y2=\"6\"><\/line><line x1=\"3\" y1=\"10\" x2=\"21\" y2=\"10\"><\/line><\/svg>24 septembre 2025<\/li><li><svg xmlns=\"http:\/\/www.w3.org\/2000\/svg\" viewBox=\"0 0 24 24\" fill=\"none\" stroke=\"currentColor\" stroke-width=\"2\" stroke-linecap=\"round\" stroke-linejoin=\"round\"><path d=\"M21 11.5a8.38 8.38 0 0 1-.9 3.8 8.5 8.5 0 0 1-7.6 4.7 8.38 8.38 0 0 1-3.8-.9L3 21l1.9-5.7a8.38 8.38 0 0 1-.9-3.8 8.5 8.5 0 0 1 4.7-7.6 8.38 8.38 0 0 1 3.8-.9h.5a8.48 8.48 0 0 1 8 8v.5z\"><\/path><\/svg>0 Commentaire<\/li><\/ul><\/div><\/div><\/div><\/div><div class=\"gt-col\"><div class=\"gt-inner\"><div class=\"gt-post-style-2 gt-sticky-post\"><div class=\"gt-title\"><a href=\"https:\/\/ufe.org\/pays-bas\/2023\/06\/26\/etes-vous-aux-pays-bas-pour-notre-fete-nationale\/\">\u00cates-vous aux Pays-Bas pour notre F\u00eate Nationale ?<\/a><\/div><div class=\"gt-excerpt\">[vc_row][vc_column][vc_column_text] Venez au bal le Samedi 15 Juillet de 17h \u00e0 23h ! Notre Ambassadeur, S.E.M....<\/div><div class=\"gt-bottom\"><ul><li><svg xmlns=\"http:\/\/www.w3.org\/2000\/svg\" viewBox=\"0 0 24 24\" fill=\"none\" stroke=\"currentColor\" stroke-width=\"2\" stroke-linecap=\"round\" stroke-linejoin=\"round\"><rect x=\"3\" y=\"4\" width=\"18\" height=\"18\" rx=\"2\" ry=\"2\"><\/rect><line x1=\"16\" y1=\"2\" x2=\"16\" y2=\"6\"><\/line><line x1=\"8\" y1=\"2\" x2=\"8\" y2=\"6\"><\/line><line x1=\"3\" y1=\"10\" x2=\"21\" y2=\"10\"><\/line><\/svg>26 juin 2023<\/li><li><svg xmlns=\"http:\/\/www.w3.org\/2000\/svg\" viewBox=\"0 0 24 24\" fill=\"none\" stroke=\"currentColor\" stroke-width=\"2\" stroke-linecap=\"round\" stroke-linejoin=\"round\"><path d=\"M21 11.5a8.38 8.38 0 0 1-.9 3.8 8.5 8.5 0 0 1-7.6 4.7 8.38 8.38 0 0 1-3.8-.9L3 21l1.9-5.7a8.38 8.38 0 0 1-.9-3.8 8.5 8.5 0 0 1 4.7-7.6 8.38 8.38 0 0 1 3.8-.9h.5a8.48 8.48 0 0 1 8 8v.5z\"><\/path><\/svg>0 Commentaire<\/li><\/ul><\/div><\/div><\/div><\/div><div class=\"gt-col\"><div class=\"gt-inner\"><div class=\"gt-post-style-2\"><div class=\"gt-title\"><a href=\"https:\/\/ufe.org\/pays-bas\/2010\/06\/18\/coupe-du-monde-de-baby-foot\/\">Coupe du Monde de Baby-foot<\/a><\/div><div class=\"gt-excerpt\">Organis\u00e9e par l&rsquo;UFE Bucarest L&rsquo;U.F.E. Bucarest organise : La Coupe du Monde de Baby-Foot TOURNOI SUR...<\/div><div class=\"gt-bottom\"><ul><li><svg xmlns=\"http:\/\/www.w3.org\/2000\/svg\" viewBox=\"0 0 24 24\" fill=\"none\" stroke=\"currentColor\" stroke-width=\"2\" stroke-linecap=\"round\" stroke-linejoin=\"round\"><rect x=\"3\" y=\"4\" width=\"18\" height=\"18\" rx=\"2\" ry=\"2\"><\/rect><line x1=\"16\" y1=\"2\" x2=\"16\" y2=\"6\"><\/line><line x1=\"8\" y1=\"2\" x2=\"8\" y2=\"6\"><\/line><line x1=\"3\" y1=\"10\" x2=\"21\" y2=\"10\"><\/line><\/svg>18 juin 2010<\/li><\/ul><\/div><\/div><\/div><\/div><div class=\"gt-col\"><div class=\"gt-inner\"><div class=\"gt-post-style-2\"><div class=\"gt-title\"><a href=\"https:\/\/ufe.org\/pays-bas\/2011\/03\/29\/inscrivez-vous-avant-le-31-decembre-2011\/\">Inscrivez-vous avant le 31 d\u00e9cembre 2011 !<\/a><\/div><div class=\"gt-excerpt\">Pour voter aux \u00e9lections en 2012 \u00a0 \u00a0 \u00a0 \u00a0 CITOYEN \u00ab N\u00e9 citoyen d\u2019\u00c9tat libre,...<\/div><div class=\"gt-bottom\"><ul><li><svg xmlns=\"http:\/\/www.w3.org\/2000\/svg\" viewBox=\"0 0 24 24\" fill=\"none\" stroke=\"currentColor\" stroke-width=\"2\" stroke-linecap=\"round\" stroke-linejoin=\"round\"><rect x=\"3\" y=\"4\" width=\"18\" height=\"18\" rx=\"2\" ry=\"2\"><\/rect><line x1=\"16\" y1=\"2\" x2=\"16\" y2=\"6\"><\/line><line x1=\"8\" y1=\"2\" x2=\"8\" y2=\"6\"><\/line><line x1=\"3\" y1=\"10\" x2=\"21\" y2=\"10\"><\/line><\/svg>29 mars 2011<\/li><\/ul><\/div><\/div><\/div><\/div><div class=\"gt-col\"><div class=\"gt-inner\"><div class=\"gt-post-style-2\"><div class=\"gt-title\"><a href=\"https:\/\/ufe.org\/pays-bas\/2011\/05\/26\/offre-de-telephonie-mobile-sans-tva\/\">Offre de t\u00e9l\u00e9phonie mobile sans TVA<\/a><\/div><div class=\"gt-excerpt\">R\u00e9serv\u00e9e aux r\u00e9sidents Hors UE \u00a0 ZER\u00d8 FORFAIT, op\u00e9rateur low-cost de t\u00e9l\u00e9phonie mobile, lance un nouveau...<\/div><div class=\"gt-bottom\"><ul><li><svg xmlns=\"http:\/\/www.w3.org\/2000\/svg\" viewBox=\"0 0 24 24\" fill=\"none\" stroke=\"currentColor\" stroke-width=\"2\" stroke-linecap=\"round\" stroke-linejoin=\"round\"><rect x=\"3\" y=\"4\" width=\"18\" height=\"18\" rx=\"2\" ry=\"2\"><\/rect><line x1=\"16\" y1=\"2\" x2=\"16\" y2=\"6\"><\/line><line x1=\"8\" y1=\"2\" x2=\"8\" y2=\"6\"><\/line><line x1=\"3\" y1=\"10\" x2=\"21\" y2=\"10\"><\/line><\/svg>26 mai 2011<\/li><\/ul><\/div><\/div><\/div><\/div><div class=\"gt-col\"><div class=\"gt-inner\"><div class=\"gt-post-style-2\"><div class=\"gt-title\"><a href=\"https:\/\/ufe.org\/pays-bas\/2011\/06\/27\/les-offres-de-juillet-2011-du-club-teli\/\">Les offres de juillet 2011 du Club TELI<\/a><\/div><div class=\"gt-excerpt\">Emplois et stages \u00e0 l&rsquo;\u00e9tranger Le club TELI propose des offres d&#8217;emploi ou de stage\u00a0dans diff\u00e9rents...<\/div><div class=\"gt-bottom\"><ul><li><svg xmlns=\"http:\/\/www.w3.org\/2000\/svg\" viewBox=\"0 0 24 24\" fill=\"none\" stroke=\"currentColor\" stroke-width=\"2\" stroke-linecap=\"round\" stroke-linejoin=\"round\"><rect x=\"3\" y=\"4\" width=\"18\" height=\"18\" rx=\"2\" ry=\"2\"><\/rect><line x1=\"16\" y1=\"2\" x2=\"16\" y2=\"6\"><\/line><line x1=\"8\" y1=\"2\" x2=\"8\" y2=\"6\"><\/line><line x1=\"3\" y1=\"10\" x2=\"21\" y2=\"10\"><\/line><\/svg>27 juin 2011<\/li><\/ul><\/div><\/div><\/div><\/div><div class=\"gt-col\"><div class=\"gt-inner\"><div class=\"gt-post-style-2\"><div class=\"gt-title\"><a href=\"https:\/\/ufe.org\/pays-bas\/2012\/06\/18\/resultats-des-legislatives-2012\/\">R\u00e9sultats des L\u00e9gislatives 2012<\/a><\/div><div class=\"gt-excerpt\">Vos 11 D\u00e9put\u00e9s Le second tour des l\u00e9gislatives s&rsquo;est d\u00e9roul\u00e9 ce week-end. La participation \u00e0 l&rsquo;\u00e9tranger...<\/div><div class=\"gt-bottom\"><ul><li><svg xmlns=\"http:\/\/www.w3.org\/2000\/svg\" viewBox=\"0 0 24 24\" fill=\"none\" stroke=\"currentColor\" stroke-width=\"2\" stroke-linecap=\"round\" stroke-linejoin=\"round\"><rect x=\"3\" y=\"4\" width=\"18\" height=\"18\" rx=\"2\" ry=\"2\"><\/rect><line x1=\"16\" y1=\"2\" x2=\"16\" y2=\"6\"><\/line><line x1=\"8\" y1=\"2\" x2=\"8\" y2=\"6\"><\/line><line x1=\"3\" y1=\"10\" x2=\"21\" y2=\"10\"><\/line><\/svg>18 juin 2012<\/li><\/ul><\/div><\/div><\/div><\/div><div class=\"gt-col\"><div class=\"gt-inner\"><div class=\"gt-post-style-2\"><div class=\"gt-title\"><a href=\"https:\/\/ufe.org\/pays-bas\/2012\/07\/10\/telephone-illimite-vers-la-france\/\">T\u00e9l\u00e9phone illimit\u00e9 vers la France<\/a><\/div><div class=\"gt-excerpt\">En partenariat avec Manifone T\u00e9l\u00e9phone illimit\u00e9 vers la France Manifone, op\u00e9rateur T\u00e9l\u00e9com breton dont les dirigeants...<\/div><div class=\"gt-bottom\"><ul><li><svg xmlns=\"http:\/\/www.w3.org\/2000\/svg\" viewBox=\"0 0 24 24\" fill=\"none\" stroke=\"currentColor\" stroke-width=\"2\" stroke-linecap=\"round\" stroke-linejoin=\"round\"><rect x=\"3\" y=\"4\" width=\"18\" height=\"18\" rx=\"2\" ry=\"2\"><\/rect><line x1=\"16\" y1=\"2\" x2=\"16\" y2=\"6\"><\/line><line x1=\"8\" y1=\"2\" x2=\"8\" y2=\"6\"><\/line><line x1=\"3\" y1=\"10\" x2=\"21\" y2=\"10\"><\/line><\/svg>10 juillet 2012<\/li><\/ul><\/div><\/div><\/div><\/div><div class=\"gt-col\"><div class=\"gt-inner\"><div class=\"gt-post-style-2\"><div class=\"gt-title\"><a href=\"https:\/\/ufe.org\/pays-bas\/2015\/03\/11\/liste-des-participants-assemblee-generale-ufe-2015\/\">Liste des participants Assembl\u00e9e G\u00e9n\u00e9rale UFE 2015<\/a><\/div><div class=\"gt-excerpt\">Liste des participants \u00e0 l&rsquo;Assembl\u00e9e G\u00e9n\u00e9rale de l&rsquo;UFE en 2015 : ABIRAMIA Fabienne Conseiller AFE. LIBAN...<\/div><div class=\"gt-bottom\"><ul><li><svg xmlns=\"http:\/\/www.w3.org\/2000\/svg\" viewBox=\"0 0 24 24\" fill=\"none\" stroke=\"currentColor\" stroke-width=\"2\" stroke-linecap=\"round\" stroke-linejoin=\"round\"><rect x=\"3\" y=\"4\" width=\"18\" height=\"18\" rx=\"2\" ry=\"2\"><\/rect><line x1=\"16\" y1=\"2\" x2=\"16\" y2=\"6\"><\/line><line x1=\"8\" y1=\"2\" x2=\"8\" y2=\"6\"><\/line><line x1=\"3\" y1=\"10\" x2=\"21\" y2=\"10\"><\/line><\/svg>11 mars 2015<\/li><\/ul><\/div><\/div><\/div><\/div><div class=\"gt-col\"><div class=\"gt-inner\"><div class=\"gt-post-style-2\"><div class=\"gt-title\"><a href=\"https:\/\/ufe.org\/pays-bas\/2015\/03\/25\/placements-le-nouvel-attrait-de-limmobilier-letranger\/\">Placements : le nouvel attrait de l\u2019immobilier \u00e0 l\u2019\u00e9tranger<\/a><\/div><div class=\"gt-excerpt\">Depuis leur cr\u00e9ation au d\u00e9but des ann\u00e9es 1980, les soci\u00e9t\u00e9s civiles de placement immobilier (SCPI) n\u2019avaient...<\/div><div class=\"gt-bottom\"><ul><li><svg xmlns=\"http:\/\/www.w3.org\/2000\/svg\" viewBox=\"0 0 24 24\" fill=\"none\" stroke=\"currentColor\" stroke-width=\"2\" stroke-linecap=\"round\" stroke-linejoin=\"round\"><rect x=\"3\" y=\"4\" width=\"18\" height=\"18\" rx=\"2\" ry=\"2\"><\/rect><line x1=\"16\" y1=\"2\" x2=\"16\" y2=\"6\"><\/line><line x1=\"8\" y1=\"2\" x2=\"8\" y2=\"6\"><\/line><line x1=\"3\" y1=\"10\" x2=\"21\" y2=\"10\"><\/line><\/svg>25 mars 2015<\/li><\/ul><\/div><\/div><\/div><\/div><\/div><\/div>[\/vc_column][\/vc_row]<\/p>\n","protected":false},"excerpt":{"rendered":"<p>[vc_row][vc_column][\/vc_column][\/vc_row]<\/p>\n","protected":false},"author":1,"featured_media":0,"parent":0,"menu_order":0,"comment_status":"closed","ping_status":"closed","template":"","meta":{"footnotes":""},"yoast_head":"<!-- This site is optimized with the Yoast SEO plugin v22.8 - https:\/\/yoast.com\/wordpress\/plugins\/seo\/ -->\n<title>ACTUALITES - UFE Pays-Bas<\/title>\n<meta name=\"robots\" content=\"index, follow, max-snippet:-1, max-image-preview:large, max-video-preview:-1\" \/>\n<link rel=\"canonical\" href=\"https:\/\/ufe.org\/pays-bas\/actualites\/\" \/>\n<meta property=\"og:locale\" content=\"fr_FR\" \/>\n<meta property=\"og:type\" content=\"article\" \/>\n<meta property=\"og:title\" content=\"ACTUALITES - UFE Pays-Bas\" \/>\n<meta property=\"og:description\" content=\"[vc_row][vc_column][\/vc_column][\/vc_row]\" \/>\n<meta property=\"og:url\" content=\"https:\/\/ufe.org\/pays-bas\/actualites\/\" \/>\n<meta property=\"og:site_name\" content=\"UFE Pays-Bas\" \/>\n<meta property=\"article:modified_time\" content=\"2021-01-28T11:28:43+00:00\" \/>\n<meta name=\"twitter:card\" content=\"summary_large_image\" \/>\n<script type=\"application\/ld+json\" class=\"yoast-schema-graph\">{\"@context\":\"https:\/\/schema.org\",\"@graph\":[{\"@type\":\"WebPage\",\"@id\":\"https:\/\/ufe.org\/pays-bas\/actualites\/\",\"url\":\"https:\/\/ufe.org\/pays-bas\/actualites\/\",\"name\":\"ACTUALITES - UFE Pays-Bas\",\"isPartOf\":{\"@id\":\"https:\/\/ufe.org\/pays-bas\/#website\"},\"datePublished\":\"2018-12-14T11:17:46+00:00\",\"dateModified\":\"2021-01-28T11:28:43+00:00\",\"breadcrumb\":{\"@id\":\"https:\/\/ufe.org\/pays-bas\/actualites\/#breadcrumb\"},\"inLanguage\":\"fr-FR\",\"potentialAction\":[{\"@type\":\"ReadAction\",\"target\":[\"https:\/\/ufe.org\/pays-bas\/actualites\/\"]}]},{\"@type\":\"BreadcrumbList\",\"@id\":\"https:\/\/ufe.org\/pays-bas\/actualites\/#breadcrumb\",\"itemListElement\":[{\"@type\":\"ListItem\",\"position\":1,\"name\":\"Accueil\",\"item\":\"https:\/\/ufe.org\/pays-bas\/\"},{\"@type\":\"ListItem\",\"position\":2,\"name\":\"ACTUALITES\"}]},{\"@type\":\"WebSite\",\"@id\":\"https:\/\/ufe.org\/pays-bas\/#website\",\"url\":\"https:\/\/ufe.org\/pays-bas\/\",\"name\":\"UFE Pays-Bas\",\"description\":\"Un site utilisant Multi site UFE\",\"potentialAction\":[{\"@type\":\"SearchAction\",\"target\":{\"@type\":\"EntryPoint\",\"urlTemplate\":\"https:\/\/ufe.org\/pays-bas\/?s={search_term_string}\"},\"query-input\":\"required name=search_term_string\"}],\"inLanguage\":\"fr-FR\"}]}<\/script>\n<!-- \/ Yoast SEO plugin. -->","yoast_head_json":{"title":"ACTUALITES - UFE Pays-Bas","robots":{"index":"index","follow":"follow","max-snippet":"max-snippet:-1","max-image-preview":"max-image-preview:large","max-video-preview":"max-video-preview:-1"},"canonical":"https:\/\/ufe.org\/pays-bas\/actualites\/","og_locale":"fr_FR","og_type":"article","og_title":"ACTUALITES - UFE Pays-Bas","og_description":"[vc_row][vc_column][\/vc_column][\/vc_row]","og_url":"https:\/\/ufe.org\/pays-bas\/actualites\/","og_site_name":"UFE Pays-Bas","article_modified_time":"2021-01-28T11:28:43+00:00","twitter_card":"summary_large_image","schema":{"@context":"https:\/\/schema.org","@graph":[{"@type":"WebPage","@id":"https:\/\/ufe.org\/pays-bas\/actualites\/","url":"https:\/\/ufe.org\/pays-bas\/actualites\/","name":"ACTUALITES - UFE Pays-Bas","isPartOf":{"@id":"https:\/\/ufe.org\/pays-bas\/#website"},"datePublished":"2018-12-14T11:17:46+00:00","dateModified":"2021-01-28T11:28:43+00:00","breadcrumb":{"@id":"https:\/\/ufe.org\/pays-bas\/actualites\/#breadcrumb"},"inLanguage":"fr-FR","potentialAction":[{"@type":"ReadAction","target":["https:\/\/ufe.org\/pays-bas\/actualites\/"]}]},{"@type":"BreadcrumbList","@id":"https:\/\/ufe.org\/pays-bas\/actualites\/#breadcrumb","itemListElement":[{"@type":"ListItem","position":1,"name":"Accueil","item":"https:\/\/ufe.org\/pays-bas\/"},{"@type":"ListItem","position":2,"name":"ACTUALITES"}]},{"@type":"WebSite","@id":"https:\/\/ufe.org\/pays-bas\/#website","url":"https:\/\/ufe.org\/pays-bas\/","name":"UFE Pays-Bas","description":"Un site utilisant Multi site UFE","potentialAction":[{"@type":"SearchAction","target":{"@type":"EntryPoint","urlTemplate":"https:\/\/ufe.org\/pays-bas\/?s={search_term_string}"},"query-input":"required name=search_term_string"}],"inLanguage":"fr-FR"}]}},"_links":{"self":[{"href":"https:\/\/ufe.org\/pays-bas\/wp-json\/wp\/v2\/pages\/1729"}],"collection":[{"href":"https:\/\/ufe.org\/pays-bas\/wp-json\/wp\/v2\/pages"}],"about":[{"href":"https:\/\/ufe.org\/pays-bas\/wp-json\/wp\/v2\/types\/page"}],"author":[{"embeddable":true,"href":"https:\/\/ufe.org\/pays-bas\/wp-json\/wp\/v2\/users\/1"}],"replies":[{"embeddable":true,"href":"https:\/\/ufe.org\/pays-bas\/wp-json\/wp\/v2\/comments?post=1729"}],"version-history":[{"count":6,"href":"https:\/\/ufe.org\/pays-bas\/wp-json\/wp\/v2\/pages\/1729\/revisions"}],"predecessor-version":[{"id":3038,"href":"https:\/\/ufe.org\/pays-bas\/wp-json\/wp\/v2\/pages\/1729\/revisions\/3038"}],"wp:attachment":[{"href":"https:\/\/ufe.org\/pays-bas\/wp-json\/wp\/v2\/media?parent=1729"}],"curies":[{"name":"wp","href":"https:\/\/api.w.org\/{rel}","templated":true}]}}